{"id":17,"date":"2024-11-18T10:44:37","date_gmt":"2024-11-18T10:44:37","guid":{"rendered":"https:\/\/emasd2.com\/?page_id=17"},"modified":"2025-11-24T09:58:25","modified_gmt":"2025-11-24T09:58:25","slug":"empresa","status":"publish","type":"page","link":"https:\/\/emasd2.com\/en\/empresa\/","title":{"rendered":"Company"},"content":{"rendered":"<div data-elementor-type=\"wp-page\" data-elementor-id=\"17\" class=\"elementor elementor-17\" data-elementor-post-type=\"page\">\n\t\t\t\t<div class=\"elementor-element elementor-element-ecfa911 e-flex e-con-boxed e-con e-parent\" data-id=\"ecfa911\" data-element_type=\"container\" data-settings=\"{&quot;background_background&quot;:&quot;classic&quot;}\">\n\t\t\t\t\t<div class=\"e-con-inner\">\n\t\t<div class=\"elementor-element elementor-element-a64f21c e-con-full e-flex e-con e-child\" data-id=\"a64f21c\" data-element_type=\"container\">\n\t\t\t\t<div class=\"elementor-element elementor-element-cf7ceec elementor-widget elementor-widget-heading\" data-id=\"cf7ceec\" data-element_type=\"widget\" data-widget_type=\"heading.default\">\n\t\t\t\t<div class=\"elementor-widget-container\">\n\t\t\t\t\t<h1 class=\"elementor-heading-title elementor-size-default\">Company<\/h1>\t\t\t\t<\/div>\n\t\t\t\t<\/div>\n\t\t\t\t<div class=\"elementor-element elementor-element-e69f175 elementor-widget elementor-widget-spacer\" data-id=\"e69f175\" data-element_type=\"widget\" data-widget_type=\"spacer.default\">\n\t\t\t\t<div class=\"elementor-widget-container\">\n\t\t\t\t\t\t\t<div class=\"elementor-spacer\">\n\t\t\t<div class=\"elementor-spacer-inner\"><\/div>\n\t\t<\/div>\n\t\t\t\t\t\t<\/div>\n\t\t\t\t<\/div>\n\t\t\t\t<\/div>\n\t\t\t\t\t<\/div>\n\t\t\t\t<\/div>\n\t\t<div class=\"elementor-element elementor-element-83cdc79 e-flex e-con-boxed e-con e-parent\" data-id=\"83cdc79\" data-element_type=\"container\">\n\t\t\t\t\t<div class=\"e-con-inner\">\n\t\t<div class=\"elementor-element elementor-element-b3996cd e-con-full e-flex e-con e-child\" data-id=\"b3996cd\" data-element_type=\"container\">\n\t\t\t\t<div class=\"elementor-element elementor-element-c98997e elementor-widget elementor-widget-text-editor\" data-id=\"c98997e\" data-element_type=\"widget\" data-widget_type=\"text-editor.default\">\n\t\t\t\t<div class=\"elementor-widget-container\">\n\t\t\t\t\t\t\t\t\t<p><span data-contrast=\"auto\">E+D is a technical services company whose team has more than 25 years of experience in the real estate sector.<\/span><span data-ccp-props=\"{&quot;335551550&quot;:6,&quot;335551620&quot;:6}\">\u00a0<\/span><\/p><p><span data-contrast=\"auto\">We want to be your high added value partner for the entire life cycle of your asset. Our professionalism makes the difference.<\/span><span data-ccp-props=\"{&quot;335551550&quot;:6,&quot;335551620&quot;:6}\">\u00a0<\/span><\/p>\t\t\t\t\t\t\t\t<\/div>\n\t\t\t\t<\/div>\n\t\t\t\t<\/div>\n\t\t<div class=\"elementor-element elementor-element-70463c6 e-con-full e-flex e-con e-child\" data-id=\"70463c6\" data-element_type=\"container\">\n\t\t\t\t<div class=\"elementor-element elementor-element-9846424 elementor-widget__width-initial elementor-widget elementor-widget-image\" data-id=\"9846424\" data-element_type=\"widget\" data-widget_type=\"image.default\">\n\t\t\t\t<div class=\"elementor-widget-container\">\n\t\t\t\t\t\t\t\t\t\t\t\t\t\t\t<img fetchpriority=\"high\" decoding=\"async\" width=\"800\" height=\"775\" src=\"https:\/\/emasd2.com\/wp-content\/uploads\/2024\/12\/onestopshop-1024x992.png\" class=\"attachment-large size-large wp-image-511\" alt=\"\" srcset=\"https:\/\/emasd2.com\/wp-content\/uploads\/2024\/12\/onestopshop-1024x992.png 1024w, https:\/\/emasd2.com\/wp-content\/uploads\/2024\/12\/onestopshop-300x291.png 300w, https:\/\/emasd2.com\/wp-content\/uploads\/2024\/12\/onestopshop-768x744.png 768w, https:\/\/emasd2.com\/wp-content\/uploads\/2024\/12\/onestopshop.png 1349w\" sizes=\"(max-width: 800px) 100vw, 800px\" \/>\t\t\t\t\t\t\t\t\t\t\t\t\t\t\t<\/div>\n\t\t\t\t<\/div>\n\t\t\t\t<\/div>\n\t\t\t\t\t<\/div>\n\t\t\t\t<\/div>\n\t\t<div class=\"elementor-element elementor-element-e117026 e-flex e-con-boxed e-con e-child\" data-id=\"e117026\" data-element_type=\"container\">\n\t\t\t\t\t<div class=\"e-con-inner\">\n\t\t<div class=\"elementor-element elementor-element-cd27f4f e-grid e-con-full e-con e-child\" data-id=\"cd27f4f\" data-element_type=\"container\">\n\t\t<a class=\"eael-wrapper-link-52327cf --eael-wrapper-link-tag\" href=\"\/en\/empresa\/quienes-somos\/\"><\/a><div data-eael-wrapper-link=\"eael-wrapper-link-52327cf\" class=\"elementor-element elementor-element-52327cf e-con-full e-transform e-flex e-con e-child\" data-id=\"52327cf\" data-element_type=\"container\" data-settings=\"{&quot;background_background&quot;:&quot;classic&quot;,&quot;_transform_scale_effect_hover&quot;:{&quot;unit&quot;:&quot;px&quot;,&quot;size&quot;:1.05,&quot;sizes&quot;:[]},&quot;_transform_scale_effect_hover_tablet&quot;:{&quot;unit&quot;:&quot;px&quot;,&quot;size&quot;:&quot;&quot;,&quot;sizes&quot;:[]},&quot;_transform_scale_effect_hover_mobile&quot;:{&quot;unit&quot;:&quot;px&quot;,&quot;size&quot;:&quot;&quot;,&quot;sizes&quot;:[]}}\">\n\t\t\t\t<div class=\"elementor-element elementor-element-713e81a elementor-widget elementor-widget-heading\" data-id=\"713e81a\" data-element_type=\"widget\" data-widget_type=\"heading.default\">\n\t\t\t\t<div class=\"elementor-widget-container\">\n\t\t\t\t\t<h2 class=\"elementor-heading-title elementor-size-default\">WHO ARE WE?<\/h2>\t\t\t\t<\/div>\n\t\t\t\t<\/div>\n\t\t\t\t<\/div>\n\t\t<a class=\"eael-wrapper-link-79a7df1 --eael-wrapper-link-tag\" href=\"\/en\/empresa\/nuestra-filosofia\/\"><\/a><div data-eael-wrapper-link=\"eael-wrapper-link-79a7df1\" class=\"elementor-element elementor-element-79a7df1 e-con-full e-transform e-flex e-con e-child\" data-id=\"79a7df1\" data-element_type=\"container\" data-settings=\"{&quot;background_background&quot;:&quot;classic&quot;,&quot;_transform_scale_effect_hover&quot;:{&quot;unit&quot;:&quot;px&quot;,&quot;size&quot;:1.05,&quot;sizes&quot;:[]},&quot;_transform_scale_effect_hover_tablet&quot;:{&quot;unit&quot;:&quot;px&quot;,&quot;size&quot;:&quot;&quot;,&quot;sizes&quot;:[]},&quot;_transform_scale_effect_hover_mobile&quot;:{&quot;unit&quot;:&quot;px&quot;,&quot;size&quot;:&quot;&quot;,&quot;sizes&quot;:[]}}\">\n\t\t\t\t<div class=\"elementor-element elementor-element-0240728 elementor-widget elementor-widget-heading\" data-id=\"0240728\" data-element_type=\"widget\" data-widget_type=\"heading.default\">\n\t\t\t\t<div class=\"elementor-widget-container\">\n\t\t\t\t\t<h2 class=\"elementor-heading-title elementor-size-default\">OUR PHILOSOPHY<\/h2>\t\t\t\t<\/div>\n\t\t\t\t<\/div>\n\t\t\t\t<\/div>\n\t\t<a class=\"eael-wrapper-link-737f665 --eael-wrapper-link-tag\" href=\"\/en\/empresa\/responsabilidad-corporativa\/\"><\/a><div data-eael-wrapper-link=\"eael-wrapper-link-737f665\" class=\"elementor-element elementor-element-737f665 e-con-full e-transform e-transform e-flex e-con e-child\" data-id=\"737f665\" data-element_type=\"container\" data-settings=\"{&quot;background_background&quot;:&quot;classic&quot;,&quot;_transform_scale_effect_hover&quot;:{&quot;unit&quot;:&quot;px&quot;,&quot;size&quot;:1.05,&quot;sizes&quot;:[]},&quot;_transform_scale_effect&quot;:{&quot;unit&quot;:&quot;px&quot;,&quot;size&quot;:&quot;&quot;,&quot;sizes&quot;:[]},&quot;_transform_scale_effect_tablet&quot;:{&quot;unit&quot;:&quot;px&quot;,&quot;size&quot;:&quot;&quot;,&quot;sizes&quot;:[]},&quot;_transform_scale_effect_mobile&quot;:{&quot;unit&quot;:&quot;px&quot;,&quot;size&quot;:&quot;&quot;,&quot;sizes&quot;:[]},&quot;_transform_scale_effect_hover_tablet&quot;:{&quot;unit&quot;:&quot;px&quot;,&quot;size&quot;:&quot;&quot;,&quot;sizes&quot;:[]},&quot;_transform_scale_effect_hover_mobile&quot;:{&quot;unit&quot;:&quot;px&quot;,&quot;size&quot;:&quot;&quot;,&quot;sizes&quot;:[]}}\">\n\t\t\t\t<div class=\"elementor-element elementor-element-c539f04 elementor-widget elementor-widget-heading\" data-id=\"c539f04\" data-element_type=\"widget\" data-widget_type=\"heading.default\">\n\t\t\t\t<div class=\"elementor-widget-container\">\n\t\t\t\t\t<h2 class=\"elementor-heading-title elementor-size-default\">CORPORATE RESPONSIBILITY<\/h2>\t\t\t\t<\/div>\n\t\t\t\t<\/div>\n\t\t\t\t<\/div>\n\t\t<a class=\"eael-wrapper-link-da32f4c --eael-wrapper-link-tag\" href=\"\/en\/certificacion\/\"><\/a><div data-eael-wrapper-link=\"eael-wrapper-link-da32f4c\" class=\"elementor-element elementor-element-da32f4c e-con-full e-transform e-flex e-con e-child\" data-id=\"da32f4c\" data-element_type=\"container\" data-settings=\"{&quot;background_background&quot;:&quot;classic&quot;,&quot;_transform_scale_effect_hover&quot;:{&quot;unit&quot;:&quot;px&quot;,&quot;size&quot;:1.05,&quot;sizes&quot;:[]},&quot;_transform_scale_effect_hover_tablet&quot;:{&quot;unit&quot;:&quot;px&quot;,&quot;size&quot;:&quot;&quot;,&quot;sizes&quot;:[]},&quot;_transform_scale_effect_hover_mobile&quot;:{&quot;unit&quot;:&quot;px&quot;,&quot;size&quot;:&quot;&quot;,&quot;sizes&quot;:[]}}\">\n\t\t\t\t<div class=\"elementor-element elementor-element-18e3229 elementor-widget elementor-widget-heading\" data-id=\"18e3229\" data-element_type=\"widget\" data-widget_type=\"heading.default\">\n\t\t\t\t<div class=\"elementor-widget-container\">\n\t\t\t\t\t<h2 class=\"elementor-heading-title elementor-size-default\">CERTIFICATION<\/h2>\t\t\t\t<\/div>\n\t\t\t\t<\/div>\n\t\t\t\t<\/div>\n\t\t\t\t<\/div>\n\t\t\t\t\t<\/div>\n\t\t\t\t<\/div>\n\t\t\t\t<\/div>","protected":false},"excerpt":{"rendered":"<p>Empresa E+D es una compa\u00f1\u00eda de servicios t\u00e9cnicos cuyo equipo cuenta con una experiencia de m\u00e1s de 25 a\u00f1os en el sector inmobiliario.\u00a0 Queremos ser tu socio de alto valor a\u00f1adido para todo el ciclo de vida de tu activo. Nuestra profesionalizaci\u00f3n aporta la diferencia.\u00a0 \u00bfQui\u00e9nes somos? Nuestra Filosof\u00eda responsabilidad corporativa Certificaci\u00f3n<\/p>","protected":false},"author":1,"featured_media":0,"parent":0,"menu_order":0,"comment_status":"closed","ping_status":"closed","template":"","meta":{"footnotes":""},"class_list":["post-17","page","type-page","status-publish","hentry"],"yoast_head":"<!-- This site is optimized with the Yoast SEO plugin v26.6 - https:\/\/yoast.com\/wordpress\/plugins\/seo\/ -->\n<title>Qui\u00e9nes somos | E m\u00e1s D<\/title>\n<meta name=\"description\" content=\"E+D es una compa\u00f1\u00eda de servicios t\u00e9cnicos cuyo equipo cuenta con una experiencia de m\u00e1s de 25 a\u00f1os en el sector inmobiliario.\" \/>\n<meta name=\"robots\" content=\"index, follow, max-snippet:-1, max-image-preview:large, max-video-preview:-1\" \/>\n<link rel=\"canonical\" href=\"https:\/\/emasd2.com\/en\/empresa\/\" \/>\n<meta property=\"og:locale\" content=\"en_GB\" \/>\n<meta property=\"og:type\" content=\"article\" \/>\n<meta property=\"og:title\" content=\"Qui\u00e9nes somos | E m\u00e1s D\" \/>\n<meta property=\"og:description\" content=\"E+D es una compa\u00f1\u00eda de servicios t\u00e9cnicos cuyo equipo cuenta con una experiencia de m\u00e1s de 25 a\u00f1os en el sector inmobiliario.\" \/>\n<meta property=\"og:url\" content=\"https:\/\/emasd2.com\/en\/empresa\/\" \/>\n<meta property=\"og:site_name\" content=\"EmasD2\" \/>\n<meta property=\"article:modified_time\" content=\"2025-11-24T09:58:25+00:00\" \/>\n<meta property=\"og:image\" content=\"https:\/\/emasd2.com\/wp-content\/uploads\/2024\/12\/onestopshop-1024x992.png\" \/>\n<meta name=\"twitter:card\" content=\"summary_large_image\" \/>\n<meta name=\"twitter:label1\" content=\"Estimated reading time\" \/>\n\t<meta name=\"twitter:data1\" content=\"1 minute\" \/>\n<script type=\"application\/ld+json\" class=\"yoast-schema-graph\">{\"@context\":\"https:\/\/schema.org\",\"@graph\":[{\"@type\":\"WebPage\",\"@id\":\"https:\/\/emasd2.com\/empresa\/\",\"url\":\"https:\/\/emasd2.com\/empresa\/\",\"name\":\"Qui\u00e9nes somos | E m\u00e1s D\",\"isPartOf\":{\"@id\":\"https:\/\/emasd2.com\/#website\"},\"primaryImageOfPage\":{\"@id\":\"https:\/\/emasd2.com\/empresa\/#primaryimage\"},\"image\":{\"@id\":\"https:\/\/emasd2.com\/empresa\/#primaryimage\"},\"thumbnailUrl\":\"https:\/\/emasd2.com\/wp-content\/uploads\/2024\/12\/onestopshop-1024x992.png\",\"datePublished\":\"2024-11-18T10:44:37+00:00\",\"dateModified\":\"2025-11-24T09:58:25+00:00\",\"description\":\"E+D es una compa\u00f1\u00eda de servicios t\u00e9cnicos cuyo equipo cuenta con una experiencia de m\u00e1s de 25 a\u00f1os en el sector inmobiliario.\",\"breadcrumb\":{\"@id\":\"https:\/\/emasd2.com\/empresa\/#breadcrumb\"},\"inLanguage\":\"en-GB\",\"potentialAction\":[{\"@type\":\"ReadAction\",\"target\":[\"https:\/\/emasd2.com\/empresa\/\"]}]},{\"@type\":\"ImageObject\",\"inLanguage\":\"en-GB\",\"@id\":\"https:\/\/emasd2.com\/empresa\/#primaryimage\",\"url\":\"https:\/\/emasd2.com\/wp-content\/uploads\/2024\/12\/onestopshop-1024x992.png\",\"contentUrl\":\"https:\/\/emasd2.com\/wp-content\/uploads\/2024\/12\/onestopshop-1024x992.png\"},{\"@type\":\"BreadcrumbList\",\"@id\":\"https:\/\/emasd2.com\/empresa\/#breadcrumb\",\"itemListElement\":[{\"@type\":\"ListItem\",\"position\":1,\"name\":\"Portada\",\"item\":\"https:\/\/emasd2.com\/\"},{\"@type\":\"ListItem\",\"position\":2,\"name\":\"Empresa\"}]},{\"@type\":\"WebSite\",\"@id\":\"https:\/\/emasd2.com\/#website\",\"url\":\"https:\/\/emasd2.com\/\",\"name\":\"EmasD2\",\"description\":\"\",\"publisher\":{\"@id\":\"https:\/\/emasd2.com\/#organization\"},\"potentialAction\":[{\"@type\":\"SearchAction\",\"target\":{\"@type\":\"EntryPoint\",\"urlTemplate\":\"https:\/\/emasd2.com\/?s={search_term_string}\"},\"query-input\":{\"@type\":\"PropertyValueSpecification\",\"valueRequired\":true,\"valueName\":\"search_term_string\"}}],\"inLanguage\":\"en-GB\"},{\"@type\":\"Organization\",\"@id\":\"https:\/\/emasd2.com\/#organization\",\"name\":\"EmasD2\",\"url\":\"https:\/\/emasd2.com\/\",\"logo\":{\"@type\":\"ImageObject\",\"inLanguage\":\"en-GB\",\"@id\":\"https:\/\/emasd2.com\/#\/schema\/logo\/image\/\",\"url\":\"https:\/\/emasd2.com\/wp-content\/uploads\/2024\/11\/logo.png\",\"contentUrl\":\"https:\/\/emasd2.com\/wp-content\/uploads\/2024\/11\/logo.png\",\"width\":1067,\"height\":439,\"caption\":\"EmasD2\"},\"image\":{\"@id\":\"https:\/\/emasd2.com\/#\/schema\/logo\/image\/\"}}]}<\/script>\n<!-- \/ Yoast SEO plugin. -->","yoast_head_json":{"title":"Qui\u00e9nes somos | E m\u00e1s D","description":"E+D is a technical services company whose team has more than 25 years of experience in the real estate sector.","robots":{"index":"index","follow":"follow","max-snippet":"max-snippet:-1","max-image-preview":"max-image-preview:large","max-video-preview":"max-video-preview:-1"},"canonical":"https:\/\/emasd2.com\/en\/empresa\/","og_locale":"en_GB","og_type":"article","og_title":"Qui\u00e9nes somos | E m\u00e1s D","og_description":"E+D es una compa\u00f1\u00eda de servicios t\u00e9cnicos cuyo equipo cuenta con una experiencia de m\u00e1s de 25 a\u00f1os en el sector inmobiliario.","og_url":"https:\/\/emasd2.com\/en\/empresa\/","og_site_name":"EmasD2","article_modified_time":"2025-11-24T09:58:25+00:00","og_image":[{"url":"https:\/\/emasd2.com\/wp-content\/uploads\/2024\/12\/onestopshop-1024x992.png","type":"","width":"","height":""}],"twitter_card":"summary_large_image","twitter_misc":{"Estimated reading time":"1 minute"},"schema":{"@context":"https:\/\/schema.org","@graph":[{"@type":"WebPage","@id":"https:\/\/emasd2.com\/empresa\/","url":"https:\/\/emasd2.com\/empresa\/","name":"Qui\u00e9nes somos | E m\u00e1s D","isPartOf":{"@id":"https:\/\/emasd2.com\/#website"},"primaryImageOfPage":{"@id":"https:\/\/emasd2.com\/empresa\/#primaryimage"},"image":{"@id":"https:\/\/emasd2.com\/empresa\/#primaryimage"},"thumbnailUrl":"https:\/\/emasd2.com\/wp-content\/uploads\/2024\/12\/onestopshop-1024x992.png","datePublished":"2024-11-18T10:44:37+00:00","dateModified":"2025-11-24T09:58:25+00:00","description":"E+D is a technical services company whose team has more than 25 years of experience in the real estate sector.","breadcrumb":{"@id":"https:\/\/emasd2.com\/empresa\/#breadcrumb"},"inLanguage":"en-GB","potentialAction":[{"@type":"ReadAction","target":["https:\/\/emasd2.com\/empresa\/"]}]},{"@type":"ImageObject","inLanguage":"en-GB","@id":"https:\/\/emasd2.com\/empresa\/#primaryimage","url":"https:\/\/emasd2.com\/wp-content\/uploads\/2024\/12\/onestopshop-1024x992.png","contentUrl":"https:\/\/emasd2.com\/wp-content\/uploads\/2024\/12\/onestopshop-1024x992.png"},{"@type":"BreadcrumbList","@id":"https:\/\/emasd2.com\/empresa\/#breadcrumb","itemListElement":[{"@type":"ListItem","position":1,"name":"Portada","item":"https:\/\/emasd2.com\/"},{"@type":"ListItem","position":2,"name":"Empresa"}]},{"@type":"WebSite","@id":"https:\/\/emasd2.com\/#website","url":"https:\/\/emasd2.com\/","name":"EmasD2","description":"","publisher":{"@id":"https:\/\/emasd2.com\/#organization"},"potentialAction":[{"@type":"SearchAction","target":{"@type":"EntryPoint","urlTemplate":"https:\/\/emasd2.com\/?s={search_term_string}"},"query-input":{"@type":"PropertyValueSpecification","valueRequired":true,"valueName":"search_term_string"}}],"inLanguage":"en-GB"},{"@type":"Organization","@id":"https:\/\/emasd2.com\/#organization","name":"EmasD2","url":"https:\/\/emasd2.com\/","logo":{"@type":"ImageObject","inLanguage":"en-GB","@id":"https:\/\/emasd2.com\/#\/schema\/logo\/image\/","url":"https:\/\/emasd2.com\/wp-content\/uploads\/2024\/11\/logo.png","contentUrl":"https:\/\/emasd2.com\/wp-content\/uploads\/2024\/11\/logo.png","width":1067,"height":439,"caption":"EmasD2"},"image":{"@id":"https:\/\/emasd2.com\/#\/schema\/logo\/image\/"}}]}},"_links":{"self":[{"href":"https:\/\/emasd2.com\/en\/wp-json\/wp\/v2\/pages\/17","targetHints":{"allow":["GET"]}}],"collection":[{"href":"https:\/\/emasd2.com\/en\/wp-json\/wp\/v2\/pages"}],"about":[{"href":"https:\/\/emasd2.com\/en\/wp-json\/wp\/v2\/types\/page"}],"author":[{"embeddable":true,"href":"https:\/\/emasd2.com\/en\/wp-json\/wp\/v2\/users\/1"}],"replies":[{"embeddable":true,"href":"https:\/\/emasd2.com\/en\/wp-json\/wp\/v2\/comments?post=17"}],"version-history":[{"count":46,"href":"https:\/\/emasd2.com\/en\/wp-json\/wp\/v2\/pages\/17\/revisions"}],"predecessor-version":[{"id":883,"href":"https:\/\/emasd2.com\/en\/wp-json\/wp\/v2\/pages\/17\/revisions\/883"}],"wp:attachment":[{"href":"https:\/\/emasd2.com\/en\/wp-json\/wp\/v2\/media?parent=17"}],"curies":[{"name":"wp","href":"https:\/\/api.w.org\/{rel}","templated":true}]}}