{"id":206,"date":"2024-11-18T12:58:37","date_gmt":"2024-11-18T12:58:37","guid":{"rendered":"https:\/\/emasd2.com\/?page_id=206"},"modified":"2024-12-26T11:46:35","modified_gmt":"2024-12-26T11:46:35","slug":"nuestra-filosofia","status":"publish","type":"page","link":"https:\/\/emasd2.com\/en\/empresa\/nuestra-filosofia\/","title":{"rendered":"Nuestra filosof\u00eda"},"content":{"rendered":"<div data-elementor-type=\"wp-page\" data-elementor-id=\"206\" class=\"elementor elementor-206\" data-elementor-post-type=\"page\">\n\t\t\t\t<div class=\"elementor-element elementor-element-ecfa911 e-flex e-con-boxed e-con e-parent\" data-id=\"ecfa911\" data-element_type=\"container\" data-settings=\"{&quot;background_background&quot;:&quot;classic&quot;}\">\n\t\t\t\t\t<div class=\"e-con-inner\">\n\t\t<div class=\"elementor-element elementor-element-a64f21c e-con-full e-flex e-con e-child\" data-id=\"a64f21c\" data-element_type=\"container\">\n\t\t\t\t<div class=\"elementor-element elementor-element-cf7ceec elementor-widget elementor-widget-heading\" data-id=\"cf7ceec\" data-element_type=\"widget\" data-widget_type=\"heading.default\">\n\t\t\t\t<div class=\"elementor-widget-container\">\n\t\t\t\t\t<h1 class=\"elementor-heading-title elementor-size-default\">OUR PHILOSOPHY<\/h1>\t\t\t\t<\/div>\n\t\t\t\t<\/div>\n\t\t\t\t<div class=\"elementor-element elementor-element-e69f175 elementor-widget elementor-widget-spacer\" data-id=\"e69f175\" data-element_type=\"widget\" data-widget_type=\"spacer.default\">\n\t\t\t\t<div class=\"elementor-widget-container\">\n\t\t\t\t\t\t\t<div class=\"elementor-spacer\">\n\t\t\t<div class=\"elementor-spacer-inner\"><\/div>\n\t\t<\/div>\n\t\t\t\t\t\t<\/div>\n\t\t\t\t<\/div>\n\t\t\t\t<\/div>\n\t\t\t\t\t<\/div>\n\t\t\t\t<\/div>\n\t\t<div class=\"elementor-element elementor-element-83cdc79 e-flex e-con-boxed e-con e-parent\" data-id=\"83cdc79\" data-element_type=\"container\">\n\t\t\t\t\t<div class=\"e-con-inner\">\n\t\t<div class=\"elementor-element elementor-element-b3996cd e-con-full e-flex e-con e-child\" data-id=\"b3996cd\" data-element_type=\"container\">\n\t\t\t\t<div class=\"elementor-element elementor-element-c98997e elementor-widget elementor-widget-text-editor\" data-id=\"c98997e\" data-element_type=\"widget\" data-widget_type=\"text-editor.default\">\n\t\t\t\t<div class=\"elementor-widget-container\">\n\t\t\t\t\t\t\t\t\t<p><span data-contrast=\"auto\">Research, development and innovation (R+D+i) is a concept that is already well known to everyone, but in the real estate world it still sounds very far away and that is why it was such an attractive challenge for us to use it as a brand.<\/span><span data-ccp-props=\"{&quot;335551550&quot;:6,&quot;335551620&quot;:6}\">\u00a0<\/span><\/p><p><span data-contrast=\"auto\">Strengthening activities linked to R&amp;D&amp;I implies greater strength, as well as potentially generating social progress (quality of life, environmental improvement, health, etc.) which always results in a benefit for our clients.<\/span><span data-ccp-props=\"{&quot;335551550&quot;:6,&quot;335551620&quot;:6}\">\u00a0<\/span><\/p><p><span data-contrast=\"auto\">Our brand image is identified with R&amp;D: the work of all the team members contributes to achieving results that could never be achieved individually.<\/span><span data-ccp-props=\"{&quot;335551550&quot;:6,&quot;335551620&quot;:6}\">\u00a0<\/span><\/p><p><span data-contrast=\"auto\">Teamwork allows us to improve our services and increase the quality and focus of the proposals we make. We are committed to constant innovation, to being rigorous and sensitive to changes.<\/span><span data-ccp-props=\"{&quot;335551550&quot;:6,&quot;335551620&quot;:6}\">\u00a0<\/span><\/p>\t\t\t\t\t\t\t\t<\/div>\n\t\t\t\t<\/div>\n\t\t\t\t<\/div>\n\t\t<div class=\"elementor-element elementor-element-70463c6 e-con-full e-flex e-con e-child\" data-id=\"70463c6\" data-element_type=\"container\">\n\t\t\t\t<div class=\"elementor-element elementor-element-9846424 elementor-widget__width-initial elementor-widget elementor-widget-image\" data-id=\"9846424\" data-element_type=\"widget\" data-widget_type=\"image.default\">\n\t\t\t\t<div class=\"elementor-widget-container\">\n\t\t\t\t\t\t\t\t\t\t\t\t\t\t\t<img fetchpriority=\"high\" decoding=\"async\" width=\"800\" height=\"248\" src=\"https:\/\/emasd2.com\/wp-content\/uploads\/2024\/12\/idi-1024x317.png\" class=\"attachment-large size-large wp-image-499\" alt=\"\" srcset=\"https:\/\/emasd2.com\/wp-content\/uploads\/2024\/12\/idi-1024x317.png 1024w, https:\/\/emasd2.com\/wp-content\/uploads\/2024\/12\/idi-300x93.png 300w, https:\/\/emasd2.com\/wp-content\/uploads\/2024\/12\/idi-768x237.png 768w, https:\/\/emasd2.com\/wp-content\/uploads\/2024\/12\/idi.png 1436w\" sizes=\"(max-width: 800px) 100vw, 800px\" \/>\t\t\t\t\t\t\t\t\t\t\t\t\t\t\t<\/div>\n\t\t\t\t<\/div>\n\t\t\t\t<\/div>\n\t\t\t\t\t<\/div>\n\t\t\t\t<\/div>\n\t\t\t\t<\/div>","protected":false},"excerpt":{"rendered":"<p>Nuestra Filosof\u00eda Investigaci\u00f3n, desarrollo e innovaci\u00f3n (I+D+i) es un concepto sobradamente conocido ya por todos, pero en el mundo inmobiliario suena todav\u00eda muy lejano y por eso nos result\u00f3 un reto tan atractivo para usarlo como marca.\u00a0 Potenciar las actividades ligadas a la I+D+i implica una mayor fortaleza, adem\u00e1s de ser potencialmente generadoras de avances [&hellip;]<\/p>","protected":false},"author":1,"featured_media":0,"parent":17,"menu_order":0,"comment_status":"closed","ping_status":"closed","template":"","meta":{"footnotes":""},"class_list":["post-206","page","type-page","status-publish","hentry"],"yoast_head":"<!-- This site is optimized with the Yoast SEO plugin v26.6 - https:\/\/yoast.com\/wordpress\/plugins\/seo\/ -->\n<title>Nuestra filosof\u00eda - EmasD2<\/title>\n<meta name=\"robots\" content=\"index, follow, max-snippet:-1, max-image-preview:large, max-video-preview:-1\" \/>\n<link rel=\"canonical\" href=\"https:\/\/emasd2.com\/en\/empresa\/nuestra-filosofia\/\" \/>\n<meta property=\"og:locale\" content=\"en_GB\" \/>\n<meta property=\"og:type\" content=\"article\" \/>\n<meta property=\"og:title\" content=\"Nuestra filosof\u00eda - EmasD2\" \/>\n<meta property=\"og:description\" content=\"Nuestra Filosof\u00eda Investigaci\u00f3n, desarrollo e innovaci\u00f3n (I+D+i) es un concepto sobradamente conocido ya por todos, pero en el mundo inmobiliario suena todav\u00eda muy lejano y por eso nos result\u00f3 un reto tan atractivo para usarlo como marca.\u00a0 Potenciar las actividades ligadas a la I+D+i implica una mayor fortaleza, adem\u00e1s de ser potencialmente generadoras de avances [&hellip;]\" \/>\n<meta property=\"og:url\" content=\"https:\/\/emasd2.com\/en\/empresa\/nuestra-filosofia\/\" \/>\n<meta property=\"og:site_name\" content=\"EmasD2\" \/>\n<meta property=\"article:modified_time\" content=\"2024-12-26T11:46:35+00:00\" \/>\n<meta property=\"og:image\" content=\"https:\/\/emasd2.com\/wp-content\/uploads\/2024\/12\/idi.png\" \/>\n\t<meta property=\"og:image:width\" content=\"1436\" \/>\n\t<meta property=\"og:image:height\" content=\"444\" \/>\n\t<meta property=\"og:image:type\" content=\"image\/png\" \/>\n<meta name=\"twitter:card\" content=\"summary_large_image\" \/>\n<meta name=\"twitter:label1\" content=\"Estimated reading time\" \/>\n\t<meta name=\"twitter:data1\" content=\"1 minute\" \/>\n<script type=\"application\/ld+json\" class=\"yoast-schema-graph\">{\"@context\":\"https:\/\/schema.org\",\"@graph\":[{\"@type\":\"WebPage\",\"@id\":\"https:\/\/emasd2.com\/empresa\/nuestra-filosofia\/\",\"url\":\"https:\/\/emasd2.com\/empresa\/nuestra-filosofia\/\",\"name\":\"Nuestra filosof\u00eda - EmasD2\",\"isPartOf\":{\"@id\":\"https:\/\/emasd2.com\/#website\"},\"primaryImageOfPage\":{\"@id\":\"https:\/\/emasd2.com\/empresa\/nuestra-filosofia\/#primaryimage\"},\"image\":{\"@id\":\"https:\/\/emasd2.com\/empresa\/nuestra-filosofia\/#primaryimage\"},\"thumbnailUrl\":\"https:\/\/emasd2.com\/wp-content\/uploads\/2024\/12\/idi-1024x317.png\",\"datePublished\":\"2024-11-18T12:58:37+00:00\",\"dateModified\":\"2024-12-26T11:46:35+00:00\",\"breadcrumb\":{\"@id\":\"https:\/\/emasd2.com\/empresa\/nuestra-filosofia\/#breadcrumb\"},\"inLanguage\":\"en-GB\",\"potentialAction\":[{\"@type\":\"ReadAction\",\"target\":[\"https:\/\/emasd2.com\/empresa\/nuestra-filosofia\/\"]}]},{\"@type\":\"ImageObject\",\"inLanguage\":\"en-GB\",\"@id\":\"https:\/\/emasd2.com\/empresa\/nuestra-filosofia\/#primaryimage\",\"url\":\"https:\/\/emasd2.com\/wp-content\/uploads\/2024\/12\/idi-1024x317.png\",\"contentUrl\":\"https:\/\/emasd2.com\/wp-content\/uploads\/2024\/12\/idi-1024x317.png\"},{\"@type\":\"BreadcrumbList\",\"@id\":\"https:\/\/emasd2.com\/empresa\/nuestra-filosofia\/#breadcrumb\",\"itemListElement\":[{\"@type\":\"ListItem\",\"position\":1,\"name\":\"Portada\",\"item\":\"https:\/\/emasd2.com\/\"},{\"@type\":\"ListItem\",\"position\":2,\"name\":\"Empresa\",\"item\":\"https:\/\/emasd2.com\/empresa\/\"},{\"@type\":\"ListItem\",\"position\":3,\"name\":\"Nuestra filosof\u00eda\"}]},{\"@type\":\"WebSite\",\"@id\":\"https:\/\/emasd2.com\/#website\",\"url\":\"https:\/\/emasd2.com\/\",\"name\":\"EmasD2\",\"description\":\"\",\"publisher\":{\"@id\":\"https:\/\/emasd2.com\/#organization\"},\"potentialAction\":[{\"@type\":\"SearchAction\",\"target\":{\"@type\":\"EntryPoint\",\"urlTemplate\":\"https:\/\/emasd2.com\/?s={search_term_string}\"},\"query-input\":{\"@type\":\"PropertyValueSpecification\",\"valueRequired\":true,\"valueName\":\"search_term_string\"}}],\"inLanguage\":\"en-GB\"},{\"@type\":\"Organization\",\"@id\":\"https:\/\/emasd2.com\/#organization\",\"name\":\"EmasD2\",\"url\":\"https:\/\/emasd2.com\/\",\"logo\":{\"@type\":\"ImageObject\",\"inLanguage\":\"en-GB\",\"@id\":\"https:\/\/emasd2.com\/#\/schema\/logo\/image\/\",\"url\":\"https:\/\/emasd2.com\/wp-content\/uploads\/2024\/11\/logo.png\",\"contentUrl\":\"https:\/\/emasd2.com\/wp-content\/uploads\/2024\/11\/logo.png\",\"width\":1067,\"height\":439,\"caption\":\"EmasD2\"},\"image\":{\"@id\":\"https:\/\/emasd2.com\/#\/schema\/logo\/image\/\"}}]}<\/script>\n<!-- \/ Yoast SEO plugin. -->","yoast_head_json":{"title":"Nuestra filosof\u00eda - EmasD2","robots":{"index":"index","follow":"follow","max-snippet":"max-snippet:-1","max-image-preview":"max-image-preview:large","max-video-preview":"max-video-preview:-1"},"canonical":"https:\/\/emasd2.com\/en\/empresa\/nuestra-filosofia\/","og_locale":"en_GB","og_type":"article","og_title":"Nuestra filosof\u00eda - EmasD2","og_description":"Nuestra Filosof\u00eda Investigaci\u00f3n, desarrollo e innovaci\u00f3n (I+D+i) es un concepto sobradamente conocido ya por todos, pero en el mundo inmobiliario suena todav\u00eda muy lejano y por eso nos result\u00f3 un reto tan atractivo para usarlo como marca.\u00a0 Potenciar las actividades ligadas a la I+D+i implica una mayor fortaleza, adem\u00e1s de ser potencialmente generadoras de avances [&hellip;]","og_url":"https:\/\/emasd2.com\/en\/empresa\/nuestra-filosofia\/","og_site_name":"EmasD2","article_modified_time":"2024-12-26T11:46:35+00:00","og_image":[{"width":1436,"height":444,"url":"https:\/\/emasd2.com\/wp-content\/uploads\/2024\/12\/idi.png","type":"image\/png"}],"twitter_card":"summary_large_image","twitter_misc":{"Estimated reading time":"1 minute"},"schema":{"@context":"https:\/\/schema.org","@graph":[{"@type":"WebPage","@id":"https:\/\/emasd2.com\/empresa\/nuestra-filosofia\/","url":"https:\/\/emasd2.com\/empresa\/nuestra-filosofia\/","name":"Nuestra filosof\u00eda - EmasD2","isPartOf":{"@id":"https:\/\/emasd2.com\/#website"},"primaryImageOfPage":{"@id":"https:\/\/emasd2.com\/empresa\/nuestra-filosofia\/#primaryimage"},"image":{"@id":"https:\/\/emasd2.com\/empresa\/nuestra-filosofia\/#primaryimage"},"thumbnailUrl":"https:\/\/emasd2.com\/wp-content\/uploads\/2024\/12\/idi-1024x317.png","datePublished":"2024-11-18T12:58:37+00:00","dateModified":"2024-12-26T11:46:35+00:00","breadcrumb":{"@id":"https:\/\/emasd2.com\/empresa\/nuestra-filosofia\/#breadcrumb"},"inLanguage":"en-GB","potentialAction":[{"@type":"ReadAction","target":["https:\/\/emasd2.com\/empresa\/nuestra-filosofia\/"]}]},{"@type":"ImageObject","inLanguage":"en-GB","@id":"https:\/\/emasd2.com\/empresa\/nuestra-filosofia\/#primaryimage","url":"https:\/\/emasd2.com\/wp-content\/uploads\/2024\/12\/idi-1024x317.png","contentUrl":"https:\/\/emasd2.com\/wp-content\/uploads\/2024\/12\/idi-1024x317.png"},{"@type":"BreadcrumbList","@id":"https:\/\/emasd2.com\/empresa\/nuestra-filosofia\/#breadcrumb","itemListElement":[{"@type":"ListItem","position":1,"name":"Portada","item":"https:\/\/emasd2.com\/"},{"@type":"ListItem","position":2,"name":"Empresa","item":"https:\/\/emasd2.com\/empresa\/"},{"@type":"ListItem","position":3,"name":"Nuestra filosof\u00eda"}]},{"@type":"WebSite","@id":"https:\/\/emasd2.com\/#website","url":"https:\/\/emasd2.com\/","name":"EmasD2","description":"","publisher":{"@id":"https:\/\/emasd2.com\/#organization"},"potentialAction":[{"@type":"SearchAction","target":{"@type":"EntryPoint","urlTemplate":"https:\/\/emasd2.com\/?s={search_term_string}"},"query-input":{"@type":"PropertyValueSpecification","valueRequired":true,"valueName":"search_term_string"}}],"inLanguage":"en-GB"},{"@type":"Organization","@id":"https:\/\/emasd2.com\/#organization","name":"EmasD2","url":"https:\/\/emasd2.com\/","logo":{"@type":"ImageObject","inLanguage":"en-GB","@id":"https:\/\/emasd2.com\/#\/schema\/logo\/image\/","url":"https:\/\/emasd2.com\/wp-content\/uploads\/2024\/11\/logo.png","contentUrl":"https:\/\/emasd2.com\/wp-content\/uploads\/2024\/11\/logo.png","width":1067,"height":439,"caption":"EmasD2"},"image":{"@id":"https:\/\/emasd2.com\/#\/schema\/logo\/image\/"}}]}},"_links":{"self":[{"href":"https:\/\/emasd2.com\/en\/wp-json\/wp\/v2\/pages\/206","targetHints":{"allow":["GET"]}}],"collection":[{"href":"https:\/\/emasd2.com\/en\/wp-json\/wp\/v2\/pages"}],"about":[{"href":"https:\/\/emasd2.com\/en\/wp-json\/wp\/v2\/types\/page"}],"author":[{"embeddable":true,"href":"https:\/\/emasd2.com\/en\/wp-json\/wp\/v2\/users\/1"}],"replies":[{"embeddable":true,"href":"https:\/\/emasd2.com\/en\/wp-json\/wp\/v2\/comments?post=206"}],"version-history":[{"count":25,"href":"https:\/\/emasd2.com\/en\/wp-json\/wp\/v2\/pages\/206\/revisions"}],"predecessor-version":[{"id":880,"href":"https:\/\/emasd2.com\/en\/wp-json\/wp\/v2\/pages\/206\/revisions\/880"}],"up":[{"embeddable":true,"href":"https:\/\/emasd2.com\/en\/wp-json\/wp\/v2\/pages\/17"}],"wp:attachment":[{"href":"https:\/\/emasd2.com\/en\/wp-json\/wp\/v2\/media?parent=206"}],"curies":[{"name":"wp","href":"https:\/\/api.w.org\/{rel}","templated":true}]}}