{"id":23,"date":"2024-11-18T10:47:01","date_gmt":"2024-11-18T10:47:01","guid":{"rendered":"https:\/\/emasd2.com\/?page_id=23"},"modified":"2025-11-24T09:58:50","modified_gmt":"2025-11-24T09:58:50","slug":"servicios","status":"publish","type":"page","link":"https:\/\/emasd2.com\/en\/servicios\/","title":{"rendered":"Services"},"content":{"rendered":"<div data-elementor-type=\"wp-post\" data-elementor-id=\"23\" class=\"elementor elementor-23\" data-elementor-post-type=\"page\">\n\t\t\t\t<div class=\"elementor-element elementor-element-4db14d7 e-flex e-con-boxed e-con e-parent\" data-id=\"4db14d7\" data-element_type=\"container\" data-settings=\"{&quot;background_background&quot;:&quot;classic&quot;}\">\n\t\t\t\t\t<div class=\"e-con-inner\">\n\t\t<div class=\"elementor-element elementor-element-3dfc400 e-con-full e-flex e-con e-child\" data-id=\"3dfc400\" data-element_type=\"container\">\n\t\t\t\t<div class=\"elementor-element elementor-element-58e7bc5 elementor-widget elementor-widget-heading\" data-id=\"58e7bc5\" data-element_type=\"widget\" data-widget_type=\"heading.default\">\n\t\t\t\t<div class=\"elementor-widget-container\">\n\t\t\t\t\t<h1 class=\"elementor-heading-title elementor-size-default\">Services<\/h1>\t\t\t\t<\/div>\n\t\t\t\t<\/div>\n\t\t\t\t<div class=\"elementor-element elementor-element-95ce41e elementor-widget elementor-widget-spacer\" data-id=\"95ce41e\" data-element_type=\"widget\" data-widget_type=\"spacer.default\">\n\t\t\t\t<div class=\"elementor-widget-container\">\n\t\t\t\t\t\t\t<div class=\"elementor-spacer\">\n\t\t\t<div class=\"elementor-spacer-inner\"><\/div>\n\t\t<\/div>\n\t\t\t\t\t\t<\/div>\n\t\t\t\t<\/div>\n\t\t\t\t<\/div>\n\t\t\t\t\t<\/div>\n\t\t\t\t<\/div>\n\t\t<div class=\"elementor-element elementor-element-1eb7c0e e-flex e-con-boxed e-con e-parent\" data-id=\"1eb7c0e\" data-element_type=\"container\">\n\t\t\t\t\t<div class=\"e-con-inner\">\n\t\t<div class=\"elementor-element elementor-element-9673af8 e-con-full e-flex e-con e-child\" data-id=\"9673af8\" data-element_type=\"container\">\n\t\t\t\t<div class=\"elementor-element elementor-element-b2e4347 elementor-widget elementor-widget-text-editor\" data-id=\"b2e4347\" data-element_type=\"widget\" data-widget_type=\"text-editor.default\">\n\t\t\t\t<div class=\"elementor-widget-container\">\n\t\t\t\t\t\t\t\t\t<p><span data-contrast=\"auto\">E+D's success lies in offering its clients a wide range of tailored technical services throughout the asset's entire life cycle.<\/span><span data-ccp-props=\"{&quot;335551550&quot;:6,&quot;335551620&quot;:6}\">\u00a0<\/span><\/p><p><span data-contrast=\"auto\">If you need any of our services or a solution, please contact us and we will explain what we can do for you.<\/span><span data-ccp-props=\"{&quot;335551550&quot;:6,&quot;335551620&quot;:6}\">\u00a0<\/span><\/p>\t\t\t\t\t\t\t\t<\/div>\n\t\t\t\t<\/div>\n\t\t\t\t<\/div>\n\t\t<div class=\"elementor-element elementor-element-3487ac2 e-con-full e-flex e-con e-child\" data-id=\"3487ac2\" data-element_type=\"container\">\n\t\t\t\t<div class=\"elementor-element elementor-element-978e8e2 elementor-widget__width-initial elementor-widget elementor-widget-image\" data-id=\"978e8e2\" data-element_type=\"widget\" data-widget_type=\"image.default\">\n\t\t\t\t<div class=\"elementor-widget-container\">\n\t\t\t\t\t\t\t\t\t\t\t\t\t\t\t<img fetchpriority=\"high\" decoding=\"async\" width=\"800\" height=\"960\" src=\"https:\/\/emasd2.com\/wp-content\/uploads\/2024\/12\/endtoend-853x1024.png\" class=\"attachment-large size-large wp-image-507\" alt=\"\" srcset=\"https:\/\/emasd2.com\/wp-content\/uploads\/2024\/12\/endtoend-853x1024.png 853w, https:\/\/emasd2.com\/wp-content\/uploads\/2024\/12\/endtoend-250x300.png 250w, https:\/\/emasd2.com\/wp-content\/uploads\/2024\/12\/endtoend-768x921.png 768w, https:\/\/emasd2.com\/wp-content\/uploads\/2024\/12\/endtoend.png 1001w\" sizes=\"(max-width: 800px) 100vw, 800px\" \/>\t\t\t\t\t\t\t\t\t\t\t\t\t\t\t<\/div>\n\t\t\t\t<\/div>\n\t\t\t\t<\/div>\n\t\t\t\t\t<\/div>\n\t\t\t\t<\/div>\n\t\t<div class=\"elementor-element elementor-element-8369a30 e-flex e-con-boxed e-con e-child\" data-id=\"8369a30\" data-element_type=\"container\">\n\t\t\t\t\t<div class=\"e-con-inner\">\n\t\t<div class=\"elementor-element elementor-element-3e0966b e-grid e-con-full e-con e-child\" data-id=\"3e0966b\" data-element_type=\"container\">\n\t\t<a class=\"eael-wrapper-link-d3237ae --eael-wrapper-link-tag\" href=\"\/en\/servicios\/consultoria-y-management\/\"><\/a><div data-eael-wrapper-link=\"eael-wrapper-link-d3237ae\" class=\"elementor-element elementor-element-d3237ae e-con-full e-transform e-flex e-con e-child\" data-id=\"d3237ae\" data-element_type=\"container\" data-settings=\"{&quot;background_background&quot;:&quot;classic&quot;,&quot;_transform_scale_effect_hover&quot;:{&quot;unit&quot;:&quot;px&quot;,&quot;size&quot;:1.05,&quot;sizes&quot;:[]},&quot;_transform_scale_effect_hover_tablet&quot;:{&quot;unit&quot;:&quot;px&quot;,&quot;size&quot;:&quot;&quot;,&quot;sizes&quot;:[]},&quot;_transform_scale_effect_hover_mobile&quot;:{&quot;unit&quot;:&quot;px&quot;,&quot;size&quot;:&quot;&quot;,&quot;sizes&quot;:[]}}\">\n\t\t\t\t<div class=\"elementor-element elementor-element-2b58db8 elementor-widget elementor-widget-heading\" data-id=\"2b58db8\" data-element_type=\"widget\" data-widget_type=\"heading.default\">\n\t\t\t\t<div class=\"elementor-widget-container\">\n\t\t\t\t\t<h2 class=\"elementor-heading-title elementor-size-default\">Consulting and Management<\/h2>\t\t\t\t<\/div>\n\t\t\t\t<\/div>\n\t\t\t\t<\/div>\n\t\t<a class=\"eael-wrapper-link-688dcf2 --eael-wrapper-link-tag\" href=\"\/en\/servicios\/suelo-y-urbanismo\/\"><\/a><div data-eael-wrapper-link=\"eael-wrapper-link-688dcf2\" class=\"elementor-element elementor-element-688dcf2 e-con-full e-transform e-flex e-con e-child\" data-id=\"688dcf2\" data-element_type=\"container\" data-settings=\"{&quot;background_background&quot;:&quot;classic&quot;,&quot;_transform_scale_effect_hover&quot;:{&quot;unit&quot;:&quot;px&quot;,&quot;size&quot;:1.05,&quot;sizes&quot;:[]},&quot;_transform_scale_effect_hover_tablet&quot;:{&quot;unit&quot;:&quot;px&quot;,&quot;size&quot;:&quot;&quot;,&quot;sizes&quot;:[]},&quot;_transform_scale_effect_hover_mobile&quot;:{&quot;unit&quot;:&quot;px&quot;,&quot;size&quot;:&quot;&quot;,&quot;sizes&quot;:[]}}\">\n\t\t\t\t<div class=\"elementor-element elementor-element-29e878d elementor-widget elementor-widget-heading\" data-id=\"29e878d\" data-element_type=\"widget\" data-widget_type=\"heading.default\">\n\t\t\t\t<div class=\"elementor-widget-container\">\n\t\t\t\t\t<h2 class=\"elementor-heading-title elementor-size-default\">Land and Urban Planning<\/h2>\t\t\t\t<\/div>\n\t\t\t\t<\/div>\n\t\t\t\t<\/div>\n\t\t<a class=\"eael-wrapper-link-307914e --eael-wrapper-link-tag\" href=\"\/en\/servicios\/arquitectura-e-ingenieria\/\"><\/a><div data-eael-wrapper-link=\"eael-wrapper-link-307914e\" class=\"elementor-element elementor-element-307914e e-con-full e-transform e-transform e-flex e-con e-child\" data-id=\"307914e\" data-element_type=\"container\" data-settings=\"{&quot;background_background&quot;:&quot;classic&quot;,&quot;_transform_scale_effect_hover&quot;:{&quot;unit&quot;:&quot;px&quot;,&quot;size&quot;:1.05,&quot;sizes&quot;:[]},&quot;_transform_scale_effect&quot;:{&quot;unit&quot;:&quot;px&quot;,&quot;size&quot;:&quot;&quot;,&quot;sizes&quot;:[]},&quot;_transform_scale_effect_tablet&quot;:{&quot;unit&quot;:&quot;px&quot;,&quot;size&quot;:&quot;&quot;,&quot;sizes&quot;:[]},&quot;_transform_scale_effect_mobile&quot;:{&quot;unit&quot;:&quot;px&quot;,&quot;size&quot;:&quot;&quot;,&quot;sizes&quot;:[]},&quot;_transform_scale_effect_hover_tablet&quot;:{&quot;unit&quot;:&quot;px&quot;,&quot;size&quot;:&quot;&quot;,&quot;sizes&quot;:[]},&quot;_transform_scale_effect_hover_mobile&quot;:{&quot;unit&quot;:&quot;px&quot;,&quot;size&quot;:&quot;&quot;,&quot;sizes&quot;:[]}}\">\n\t\t\t\t<div class=\"elementor-element elementor-element-601a30f elementor-widget elementor-widget-heading\" data-id=\"601a30f\" data-element_type=\"widget\" data-widget_type=\"heading.default\">\n\t\t\t\t<div class=\"elementor-widget-container\">\n\t\t\t\t\t<h2 class=\"elementor-heading-title elementor-size-default\">Architecture and Engineering<\/h2>\t\t\t\t<\/div>\n\t\t\t\t<\/div>\n\t\t\t\t<\/div>\n\t\t<a class=\"eael-wrapper-link-819197a --eael-wrapper-link-tag\" href=\"\/en\/servicios\/esg-y-sostenibilidad\/\"><\/a><div data-eael-wrapper-link=\"eael-wrapper-link-819197a\" class=\"elementor-element elementor-element-819197a e-con-full e-transform e-flex e-con e-child\" data-id=\"819197a\" data-element_type=\"container\" data-settings=\"{&quot;background_background&quot;:&quot;classic&quot;,&quot;_transform_scale_effect_hover&quot;:{&quot;unit&quot;:&quot;px&quot;,&quot;size&quot;:1.05,&quot;sizes&quot;:[]},&quot;_transform_scale_effect_hover_tablet&quot;:{&quot;unit&quot;:&quot;px&quot;,&quot;size&quot;:&quot;&quot;,&quot;sizes&quot;:[]},&quot;_transform_scale_effect_hover_mobile&quot;:{&quot;unit&quot;:&quot;px&quot;,&quot;size&quot;:&quot;&quot;,&quot;sizes&quot;:[]}}\">\n\t\t\t\t<div class=\"elementor-element elementor-element-23d6038 elementor-widget elementor-widget-heading\" data-id=\"23d6038\" data-element_type=\"widget\" data-widget_type=\"heading.default\">\n\t\t\t\t<div class=\"elementor-widget-container\">\n\t\t\t\t\t<h2 class=\"elementor-heading-title elementor-size-default\">ESG and Sustainability<\/h2>\t\t\t\t<\/div>\n\t\t\t\t<\/div>\n\t\t\t\t<\/div>\n\t\t\t\t<\/div>\n\t\t\t\t\t<\/div>\n\t\t\t\t<\/div>\n\t\t\t\t<\/div>","protected":false},"excerpt":{"rendered":"<p>Servicios El \u00e9xito de E+D es ofrecer a sus clientes una amplia gama de Servicios t\u00e9cnicos a la carta, a lo largo de todo el ciclo de vida del activo.\u00a0 Si necesitas alguno de nuestros Servicios o alguna soluci\u00f3n, ponte en contacto con nosotros y te explicamos que podemos hacer por ti.\u00a0 Consultor\u00eda Y Management [&hellip;]<\/p>","protected":false},"author":1,"featured_media":0,"parent":0,"menu_order":0,"comment_status":"closed","ping_status":"closed","template":"","meta":{"footnotes":""},"class_list":["post-23","page","type-page","status-publish","hentry"],"yoast_head":"<!-- This site is optimized with the Yoast SEO plugin v26.6 - https:\/\/yoast.com\/wordpress\/plugins\/seo\/ -->\n<title>Nuestros servicios | E m\u00e1s D<\/title>\n<meta name=\"description\" content=\"El \u00e9xito de E+D es ofrecer a sus clientes una amplia gama de Servicios t\u00e9cnicos a la carta, a lo largo de todo el ciclo de vida del activo.\" \/>\n<meta name=\"robots\" content=\"index, follow, max-snippet:-1, max-image-preview:large, max-video-preview:-1\" \/>\n<link rel=\"canonical\" href=\"https:\/\/emasd2.com\/en\/servicios\/\" \/>\n<meta property=\"og:locale\" content=\"en_GB\" \/>\n<meta property=\"og:type\" content=\"article\" \/>\n<meta property=\"og:title\" content=\"Nuestros servicios | E m\u00e1s D\" \/>\n<meta property=\"og:description\" content=\"El \u00e9xito de E+D es ofrecer a sus clientes una amplia gama de Servicios t\u00e9cnicos a la carta, a lo largo de todo el ciclo de vida del activo.\" \/>\n<meta property=\"og:url\" content=\"https:\/\/emasd2.com\/en\/servicios\/\" \/>\n<meta property=\"og:site_name\" content=\"EmasD2\" \/>\n<meta property=\"article:modified_time\" content=\"2025-11-24T09:58:50+00:00\" \/>\n<meta property=\"og:image\" content=\"https:\/\/emasd2.com\/wp-content\/uploads\/2024\/12\/endtoend-853x1024.png\" \/>\n<meta name=\"twitter:card\" content=\"summary_large_image\" \/>\n<meta name=\"twitter:label1\" content=\"Estimated reading time\" \/>\n\t<meta name=\"twitter:data1\" content=\"1 minute\" \/>\n<script type=\"application\/ld+json\" class=\"yoast-schema-graph\">{\"@context\":\"https:\/\/schema.org\",\"@graph\":[{\"@type\":\"WebPage\",\"@id\":\"https:\/\/emasd2.com\/servicios\/\",\"url\":\"https:\/\/emasd2.com\/servicios\/\",\"name\":\"Nuestros servicios | E m\u00e1s D\",\"isPartOf\":{\"@id\":\"https:\/\/emasd2.com\/#website\"},\"primaryImageOfPage\":{\"@id\":\"https:\/\/emasd2.com\/servicios\/#primaryimage\"},\"image\":{\"@id\":\"https:\/\/emasd2.com\/servicios\/#primaryimage\"},\"thumbnailUrl\":\"https:\/\/emasd2.com\/wp-content\/uploads\/2024\/12\/endtoend-853x1024.png\",\"datePublished\":\"2024-11-18T10:47:01+00:00\",\"dateModified\":\"2025-11-24T09:58:50+00:00\",\"description\":\"El \u00e9xito de E+D es ofrecer a sus clientes una amplia gama de Servicios t\u00e9cnicos a la carta, a lo largo de todo el ciclo de vida del activo.\",\"breadcrumb\":{\"@id\":\"https:\/\/emasd2.com\/servicios\/#breadcrumb\"},\"inLanguage\":\"en-GB\",\"potentialAction\":[{\"@type\":\"ReadAction\",\"target\":[\"https:\/\/emasd2.com\/servicios\/\"]}]},{\"@type\":\"ImageObject\",\"inLanguage\":\"en-GB\",\"@id\":\"https:\/\/emasd2.com\/servicios\/#primaryimage\",\"url\":\"https:\/\/emasd2.com\/wp-content\/uploads\/2024\/12\/endtoend-853x1024.png\",\"contentUrl\":\"https:\/\/emasd2.com\/wp-content\/uploads\/2024\/12\/endtoend-853x1024.png\"},{\"@type\":\"BreadcrumbList\",\"@id\":\"https:\/\/emasd2.com\/servicios\/#breadcrumb\",\"itemListElement\":[{\"@type\":\"ListItem\",\"position\":1,\"name\":\"Portada\",\"item\":\"https:\/\/emasd2.com\/\"},{\"@type\":\"ListItem\",\"position\":2,\"name\":\"Servicios\"}]},{\"@type\":\"WebSite\",\"@id\":\"https:\/\/emasd2.com\/#website\",\"url\":\"https:\/\/emasd2.com\/\",\"name\":\"EmasD2\",\"description\":\"\",\"publisher\":{\"@id\":\"https:\/\/emasd2.com\/#organization\"},\"potentialAction\":[{\"@type\":\"SearchAction\",\"target\":{\"@type\":\"EntryPoint\",\"urlTemplate\":\"https:\/\/emasd2.com\/?s={search_term_string}\"},\"query-input\":{\"@type\":\"PropertyValueSpecification\",\"valueRequired\":true,\"valueName\":\"search_term_string\"}}],\"inLanguage\":\"en-GB\"},{\"@type\":\"Organization\",\"@id\":\"https:\/\/emasd2.com\/#organization\",\"name\":\"EmasD2\",\"url\":\"https:\/\/emasd2.com\/\",\"logo\":{\"@type\":\"ImageObject\",\"inLanguage\":\"en-GB\",\"@id\":\"https:\/\/emasd2.com\/#\/schema\/logo\/image\/\",\"url\":\"https:\/\/emasd2.com\/wp-content\/uploads\/2024\/11\/logo.png\",\"contentUrl\":\"https:\/\/emasd2.com\/wp-content\/uploads\/2024\/11\/logo.png\",\"width\":1067,\"height\":439,\"caption\":\"EmasD2\"},\"image\":{\"@id\":\"https:\/\/emasd2.com\/#\/schema\/logo\/image\/\"}}]}<\/script>\n<!-- \/ Yoast SEO plugin. -->","yoast_head_json":{"title":"Nuestros servicios | E m\u00e1s D","description":"E+D's success lies in offering its clients a wide range of tailored technical services throughout the asset's entire life cycle.","robots":{"index":"index","follow":"follow","max-snippet":"max-snippet:-1","max-image-preview":"max-image-preview:large","max-video-preview":"max-video-preview:-1"},"canonical":"https:\/\/emasd2.com\/en\/servicios\/","og_locale":"en_GB","og_type":"article","og_title":"Nuestros servicios | E m\u00e1s D","og_description":"El \u00e9xito de E+D es ofrecer a sus clientes una amplia gama de Servicios t\u00e9cnicos a la carta, a lo largo de todo el ciclo de vida del activo.","og_url":"https:\/\/emasd2.com\/en\/servicios\/","og_site_name":"EmasD2","article_modified_time":"2025-11-24T09:58:50+00:00","og_image":[{"url":"https:\/\/emasd2.com\/wp-content\/uploads\/2024\/12\/endtoend-853x1024.png","type":"","width":"","height":""}],"twitter_card":"summary_large_image","twitter_misc":{"Estimated reading time":"1 minute"},"schema":{"@context":"https:\/\/schema.org","@graph":[{"@type":"WebPage","@id":"https:\/\/emasd2.com\/servicios\/","url":"https:\/\/emasd2.com\/servicios\/","name":"Nuestros servicios | E m\u00e1s D","isPartOf":{"@id":"https:\/\/emasd2.com\/#website"},"primaryImageOfPage":{"@id":"https:\/\/emasd2.com\/servicios\/#primaryimage"},"image":{"@id":"https:\/\/emasd2.com\/servicios\/#primaryimage"},"thumbnailUrl":"https:\/\/emasd2.com\/wp-content\/uploads\/2024\/12\/endtoend-853x1024.png","datePublished":"2024-11-18T10:47:01+00:00","dateModified":"2025-11-24T09:58:50+00:00","description":"E+D's success lies in offering its clients a wide range of tailored technical services throughout the asset's entire life cycle.","breadcrumb":{"@id":"https:\/\/emasd2.com\/servicios\/#breadcrumb"},"inLanguage":"en-GB","potentialAction":[{"@type":"ReadAction","target":["https:\/\/emasd2.com\/servicios\/"]}]},{"@type":"ImageObject","inLanguage":"en-GB","@id":"https:\/\/emasd2.com\/servicios\/#primaryimage","url":"https:\/\/emasd2.com\/wp-content\/uploads\/2024\/12\/endtoend-853x1024.png","contentUrl":"https:\/\/emasd2.com\/wp-content\/uploads\/2024\/12\/endtoend-853x1024.png"},{"@type":"BreadcrumbList","@id":"https:\/\/emasd2.com\/servicios\/#breadcrumb","itemListElement":[{"@type":"ListItem","position":1,"name":"Portada","item":"https:\/\/emasd2.com\/"},{"@type":"ListItem","position":2,"name":"Servicios"}]},{"@type":"WebSite","@id":"https:\/\/emasd2.com\/#website","url":"https:\/\/emasd2.com\/","name":"EmasD2","description":"","publisher":{"@id":"https:\/\/emasd2.com\/#organization"},"potentialAction":[{"@type":"SearchAction","target":{"@type":"EntryPoint","urlTemplate":"https:\/\/emasd2.com\/?s={search_term_string}"},"query-input":{"@type":"PropertyValueSpecification","valueRequired":true,"valueName":"search_term_string"}}],"inLanguage":"en-GB"},{"@type":"Organization","@id":"https:\/\/emasd2.com\/#organization","name":"EmasD2","url":"https:\/\/emasd2.com\/","logo":{"@type":"ImageObject","inLanguage":"en-GB","@id":"https:\/\/emasd2.com\/#\/schema\/logo\/image\/","url":"https:\/\/emasd2.com\/wp-content\/uploads\/2024\/11\/logo.png","contentUrl":"https:\/\/emasd2.com\/wp-content\/uploads\/2024\/11\/logo.png","width":1067,"height":439,"caption":"EmasD2"},"image":{"@id":"https:\/\/emasd2.com\/#\/schema\/logo\/image\/"}}]}},"_links":{"self":[{"href":"https:\/\/emasd2.com\/en\/wp-json\/wp\/v2\/pages\/23","targetHints":{"allow":["GET"]}}],"collection":[{"href":"https:\/\/emasd2.com\/en\/wp-json\/wp\/v2\/pages"}],"about":[{"href":"https:\/\/emasd2.com\/en\/wp-json\/wp\/v2\/types\/page"}],"author":[{"embeddable":true,"href":"https:\/\/emasd2.com\/en\/wp-json\/wp\/v2\/users\/1"}],"replies":[{"embeddable":true,"href":"https:\/\/emasd2.com\/en\/wp-json\/wp\/v2\/comments?post=23"}],"version-history":[{"count":46,"href":"https:\/\/emasd2.com\/en\/wp-json\/wp\/v2\/pages\/23\/revisions"}],"predecessor-version":[{"id":644,"href":"https:\/\/emasd2.com\/en\/wp-json\/wp\/v2\/pages\/23\/revisions\/644"}],"wp:attachment":[{"href":"https:\/\/emasd2.com\/en\/wp-json\/wp\/v2\/media?parent=23"}],"curies":[{"name":"wp","href":"https:\/\/api.w.org\/{rel}","templated":true}]}}