{"id":60,"date":"2024-11-18T10:52:33","date_gmt":"2024-11-18T10:52:33","guid":{"rendered":"https:\/\/emasd2.com\/?page_id=60"},"modified":"2024-12-20T11:04:03","modified_gmt":"2024-12-20T11:04:03","slug":"esg-y-sostenibilidad","status":"publish","type":"page","link":"https:\/\/emasd2.com\/en\/servicios\/esg-y-sostenibilidad\/","title":{"rendered":"ESG and Sustainability"},"content":{"rendered":"<div data-elementor-type=\"wp-page\" data-elementor-id=\"60\" class=\"elementor elementor-60\" data-elementor-post-type=\"page\">\n\t\t\t\t<div class=\"elementor-element elementor-element-09e75d6 e-flex e-con-boxed e-con e-parent\" data-id=\"09e75d6\" data-element_type=\"container\" data-settings=\"{&quot;background_background&quot;:&quot;classic&quot;}\">\n\t\t\t\t\t<div class=\"e-con-inner\">\n\t\t<div class=\"elementor-element elementor-element-aaf78d1 e-con-full e-flex e-con e-child\" data-id=\"aaf78d1\" data-element_type=\"container\">\n\t\t\t\t<div class=\"elementor-element elementor-element-abae961 elementor-widget elementor-widget-heading\" data-id=\"abae961\" data-element_type=\"widget\" data-widget_type=\"heading.default\">\n\t\t\t\t<div class=\"elementor-widget-container\">\n\t\t\t\t\t<h1 class=\"elementor-heading-title elementor-size-default\">ESG and Sustainability<\/h1>\t\t\t\t<\/div>\n\t\t\t\t<\/div>\n\t\t\t\t<div class=\"elementor-element elementor-element-f743d7e elementor-widget elementor-widget-spacer\" data-id=\"f743d7e\" data-element_type=\"widget\" data-widget_type=\"spacer.default\">\n\t\t\t\t<div class=\"elementor-widget-container\">\n\t\t\t\t\t\t\t<div class=\"elementor-spacer\">\n\t\t\t<div class=\"elementor-spacer-inner\"><\/div>\n\t\t<\/div>\n\t\t\t\t\t\t<\/div>\n\t\t\t\t<\/div>\n\t\t\t\t<\/div>\n\t\t\t\t\t<\/div>\n\t\t\t\t<\/div>\n\t\t<div class=\"elementor-element elementor-element-e3dde07 e-flex e-con-boxed e-con e-parent\" data-id=\"e3dde07\" data-element_type=\"container\">\n\t\t\t\t\t<div class=\"e-con-inner\">\n\t\t<div class=\"elementor-element elementor-element-7835f5c e-con-full e-flex e-con e-child\" data-id=\"7835f5c\" data-element_type=\"container\">\n\t\t\t\t<div class=\"elementor-element elementor-element-bc04bc4 elementor-widget elementor-widget-text-editor\" data-id=\"bc04bc4\" data-element_type=\"widget\" data-widget_type=\"text-editor.default\">\n\t\t\t\t<div class=\"elementor-widget-container\">\n\t\t\t\t\t\t\t\t\t<p><span data-contrast=\"auto\">E+D has a specific area dedicated to analysis and advice on sustainability, including the preparation of ESG (Environmental, Social and Governance) reports that develop good practices in environmental, social and good corporate governance factors.<\/span><span data-ccp-props=\"{&quot;335551550&quot;:6,&quot;335551620&quot;:6}\">\u00a0<\/span><\/p><p><span data-contrast=\"auto\">Project monitoring also assesses whether these measures are applied and thus provides effective solutions related to improving the sustainability and efficiency of buildings.<\/span><span data-ccp-props=\"{&quot;335551550&quot;:6,&quot;335551620&quot;:6}\">\u00a0<\/span><\/p><ul><li data-leveltext=\"\uf0b7\" data-font=\"Symbol\" data-listid=\"2\" data-list-defn-props=\"{&quot;335551500&quot;:16711680,&quot;335552541&quot;:1,&quot;335559685&quot;:720,&quot;335559991&quot;:360,&quot;469769226&quot;:&quot;Symbol&quot;,&quot;469769242&quot;:[8226],&quot;469777803&quot;:&quot;left&quot;,&quot;469777804&quot;:&quot;\uf0b7&quot;,&quot;469777815&quot;:&quot;multilevel&quot;}\" aria-setsize=\"-1\" data-aria-posinset=\"38\" data-aria-level=\"1\"><span data-contrast=\"auto\">Environmental Due Diligence<\/span><span data-ccp-props=\"{&quot;335559685&quot;:426,&quot;335559991&quot;:426,&quot;469777462&quot;:[720,426],&quot;469777927&quot;:[0,0],&quot;469777928&quot;:[0,8]}\">\u00a0<\/span><\/li><\/ul><ul><li data-leveltext=\"\uf0b7\" data-font=\"Symbol\" data-listid=\"2\" data-list-defn-props=\"{&quot;335551500&quot;:16711680,&quot;335552541&quot;:1,&quot;335559685&quot;:720,&quot;335559991&quot;:360,&quot;469769226&quot;:&quot;Symbol&quot;,&quot;469769242&quot;:[8226],&quot;469777803&quot;:&quot;left&quot;,&quot;469777804&quot;:&quot;\uf0b7&quot;,&quot;469777815&quot;:&quot;multilevel&quot;}\" aria-setsize=\"-1\" data-aria-posinset=\"39\" data-aria-level=\"1\"><span data-contrast=\"auto\">ESG<\/span><span data-ccp-props=\"{&quot;335559685&quot;:426,&quot;335559991&quot;:426,&quot;469777462&quot;:[720,426],&quot;469777927&quot;:[0,0],&quot;469777928&quot;:[0,8]}\">\u00a0<\/span><\/li><\/ul><ul><li data-leveltext=\"\uf0b7\" data-font=\"Symbol\" data-listid=\"2\" data-list-defn-props=\"{&quot;335551500&quot;:16711680,&quot;335552541&quot;:1,&quot;335559685&quot;:720,&quot;335559991&quot;:360,&quot;469769226&quot;:&quot;Symbol&quot;,&quot;469769242&quot;:[8226],&quot;469777803&quot;:&quot;left&quot;,&quot;469777804&quot;:&quot;\uf0b7&quot;,&quot;469777815&quot;:&quot;multilevel&quot;}\" aria-setsize=\"-1\" data-aria-posinset=\"40\" data-aria-level=\"1\"><span data-contrast=\"auto\">Carbon footprint, emissions and transport<\/span><span data-ccp-props=\"{&quot;335559685&quot;:426,&quot;335559991&quot;:426,&quot;469777462&quot;:[720,426],&quot;469777927&quot;:[0,0],&quot;469777928&quot;:[0,8]}\">\u00a0<\/span><\/li><\/ul><ul><li data-leveltext=\"\uf0b7\" data-font=\"Symbol\" data-listid=\"2\" data-list-defn-props=\"{&quot;335551500&quot;:16711680,&quot;335552541&quot;:1,&quot;335559685&quot;:720,&quot;335559991&quot;:360,&quot;469769226&quot;:&quot;Symbol&quot;,&quot;469769242&quot;:[8226],&quot;469777803&quot;:&quot;left&quot;,&quot;469777804&quot;:&quot;\uf0b7&quot;,&quot;469777815&quot;:&quot;multilevel&quot;}\" aria-setsize=\"-1\" data-aria-posinset=\"41\" data-aria-level=\"1\"><span data-contrast=\"auto\">Review of flood conditions and climate impact<\/span><span data-ccp-props=\"{&quot;335559685&quot;:426,&quot;335559991&quot;:426,&quot;469777462&quot;:[720,426],&quot;469777927&quot;:[0,0],&quot;469777928&quot;:[0,8]}\">\u00a0<\/span><\/li><\/ul><ul><li data-leveltext=\"\uf0b7\" data-font=\"Symbol\" data-listid=\"2\" data-list-defn-props=\"{&quot;335551500&quot;:16711680,&quot;335552541&quot;:1,&quot;335559685&quot;:720,&quot;335559991&quot;:360,&quot;469769226&quot;:&quot;Symbol&quot;,&quot;469769242&quot;:[8226],&quot;469777803&quot;:&quot;left&quot;,&quot;469777804&quot;:&quot;\uf0b7&quot;,&quot;469777815&quot;:&quot;multilevel&quot;}\" aria-setsize=\"-1\" data-aria-posinset=\"42\" data-aria-level=\"1\"><span data-contrast=\"auto\">Review of effects due to compromised areas, drought, rising sea levels and other factors<\/span><span data-ccp-props=\"{&quot;335559685&quot;:426,&quot;335559991&quot;:426,&quot;469777462&quot;:[720,426],&quot;469777927&quot;:[0,0],&quot;469777928&quot;:[0,8]}\">\u00a0<\/span><\/li><\/ul><ul><li data-leveltext=\"\uf0b7\" data-font=\"Symbol\" data-listid=\"2\" data-list-defn-props=\"{&quot;335551500&quot;:16711680,&quot;335552541&quot;:1,&quot;335559685&quot;:720,&quot;335559991&quot;:360,&quot;469769226&quot;:&quot;Symbol&quot;,&quot;469769242&quot;:[8226],&quot;469777803&quot;:&quot;left&quot;,&quot;469777804&quot;:&quot;\uf0b7&quot;,&quot;469777815&quot;:&quot;multilevel&quot;}\" aria-setsize=\"-1\" data-aria-posinset=\"43\" data-aria-level=\"1\"><span data-contrast=\"auto\">We manage and actively participate in buildings with sustainable and well-being seals: BREEAM, LEED, WELL or VERDE<\/span><span data-ccp-props=\"{&quot;335559685&quot;:426,&quot;335559991&quot;:426,&quot;469777462&quot;:[720,426],&quot;469777927&quot;:[0,0],&quot;469777928&quot;:[0,8]}\">\u00a0<\/span><\/li><\/ul><ul><li data-leveltext=\"\uf0b7\" data-font=\"Symbol\" data-listid=\"2\" data-list-defn-props=\"{&quot;335551500&quot;:16711680,&quot;335552541&quot;:1,&quot;335559685&quot;:720,&quot;335559991&quot;:360,&quot;469769226&quot;:&quot;Symbol&quot;,&quot;469769242&quot;:[8226],&quot;469777803&quot;:&quot;left&quot;,&quot;469777804&quot;:&quot;\uf0b7&quot;,&quot;469777815&quot;:&quot;multilevel&quot;}\" aria-setsize=\"-1\" data-aria-posinset=\"44\" data-aria-level=\"1\"><span data-contrast=\"auto\">Energy Efficiency (efficient consumption, savings and investment alternatives and their payback period)<\/span><span data-ccp-props=\"{&quot;335559685&quot;:426,&quot;335559991&quot;:426,&quot;469777462&quot;:[720,426],&quot;469777927&quot;:[0,0],&quot;469777928&quot;:[0,8]}\">\u00a0<\/span><\/li><\/ul>\t\t\t\t\t\t\t\t<\/div>\n\t\t\t\t<\/div>\n\t\t\t\t<\/div>\n\t\t\t\t\t<\/div>\n\t\t\t\t<\/div>\n\t\t\t\t<\/div>","protected":false},"excerpt":{"rendered":"<p>ESG y Sostenibilidad E+D cuenta con un \u00e1rea espec\u00edfica dedicada al an\u00e1lisis y asesoramiento en sostenibilidad, incluyendo la realizaci\u00f3n de informes ESG (Environmental, Social and Governance) que desarrollan las buenas pr\u00e1cticas en los factores ambientales, sociales y de buen gobierno corporativo.\u00a0 Tambi\u00e9n se eval\u00faa en el seguimiento de los proyectos que dichas medidas sean aplicadas [&hellip;]<\/p>","protected":false},"author":1,"featured_media":0,"parent":23,"menu_order":0,"comment_status":"closed","ping_status":"closed","template":"","meta":{"footnotes":""},"class_list":["post-60","page","type-page","status-publish","hentry"],"yoast_head":"<!-- This site is optimized with the Yoast SEO plugin v26.6 - https:\/\/yoast.com\/wordpress\/plugins\/seo\/ -->\n<title>ESG y Sostenibilidad - EmasD2<\/title>\n<meta name=\"robots\" content=\"index, follow, max-snippet:-1, max-image-preview:large, max-video-preview:-1\" \/>\n<link rel=\"canonical\" href=\"https:\/\/emasd2.com\/en\/servicios\/esg-y-sostenibilidad\/\" \/>\n<meta property=\"og:locale\" content=\"en_GB\" \/>\n<meta property=\"og:type\" content=\"article\" \/>\n<meta property=\"og:title\" content=\"ESG y Sostenibilidad - EmasD2\" \/>\n<meta property=\"og:description\" content=\"ESG y Sostenibilidad E+D cuenta con un \u00e1rea espec\u00edfica dedicada al an\u00e1lisis y asesoramiento en sostenibilidad, incluyendo la realizaci\u00f3n de informes ESG (Environmental, Social and Governance) que desarrollan las buenas pr\u00e1cticas en los factores ambientales, sociales y de buen gobierno corporativo.\u00a0 Tambi\u00e9n se eval\u00faa en el seguimiento de los proyectos que dichas medidas sean aplicadas [&hellip;]\" \/>\n<meta property=\"og:url\" content=\"https:\/\/emasd2.com\/en\/servicios\/esg-y-sostenibilidad\/\" \/>\n<meta property=\"og:site_name\" content=\"EmasD2\" \/>\n<meta property=\"article:modified_time\" content=\"2024-12-20T11:04:03+00:00\" \/>\n<meta name=\"twitter:card\" content=\"summary_large_image\" \/>\n<meta name=\"twitter:label1\" content=\"Estimated reading time\" \/>\n\t<meta name=\"twitter:data1\" content=\"1 minute\" \/>\n<script type=\"application\/ld+json\" class=\"yoast-schema-graph\">{\"@context\":\"https:\/\/schema.org\",\"@graph\":[{\"@type\":\"WebPage\",\"@id\":\"https:\/\/emasd2.com\/servicios\/esg-y-sostenibilidad\/\",\"url\":\"https:\/\/emasd2.com\/servicios\/esg-y-sostenibilidad\/\",\"name\":\"ESG y Sostenibilidad - EmasD2\",\"isPartOf\":{\"@id\":\"https:\/\/emasd2.com\/#website\"},\"datePublished\":\"2024-11-18T10:52:33+00:00\",\"dateModified\":\"2024-12-20T11:04:03+00:00\",\"breadcrumb\":{\"@id\":\"https:\/\/emasd2.com\/servicios\/esg-y-sostenibilidad\/#breadcrumb\"},\"inLanguage\":\"en-GB\",\"potentialAction\":[{\"@type\":\"ReadAction\",\"target\":[\"https:\/\/emasd2.com\/servicios\/esg-y-sostenibilidad\/\"]}]},{\"@type\":\"BreadcrumbList\",\"@id\":\"https:\/\/emasd2.com\/servicios\/esg-y-sostenibilidad\/#breadcrumb\",\"itemListElement\":[{\"@type\":\"ListItem\",\"position\":1,\"name\":\"Portada\",\"item\":\"https:\/\/emasd2.com\/\"},{\"@type\":\"ListItem\",\"position\":2,\"name\":\"Servicios\",\"item\":\"https:\/\/emasd2.com\/servicios\/\"},{\"@type\":\"ListItem\",\"position\":3,\"name\":\"ESG y Sostenibilidad\"}]},{\"@type\":\"WebSite\",\"@id\":\"https:\/\/emasd2.com\/#website\",\"url\":\"https:\/\/emasd2.com\/\",\"name\":\"EmasD2\",\"description\":\"\",\"publisher\":{\"@id\":\"https:\/\/emasd2.com\/#organization\"},\"potentialAction\":[{\"@type\":\"SearchAction\",\"target\":{\"@type\":\"EntryPoint\",\"urlTemplate\":\"https:\/\/emasd2.com\/?s={search_term_string}\"},\"query-input\":{\"@type\":\"PropertyValueSpecification\",\"valueRequired\":true,\"valueName\":\"search_term_string\"}}],\"inLanguage\":\"en-GB\"},{\"@type\":\"Organization\",\"@id\":\"https:\/\/emasd2.com\/#organization\",\"name\":\"EmasD2\",\"url\":\"https:\/\/emasd2.com\/\",\"logo\":{\"@type\":\"ImageObject\",\"inLanguage\":\"en-GB\",\"@id\":\"https:\/\/emasd2.com\/#\/schema\/logo\/image\/\",\"url\":\"https:\/\/emasd2.com\/wp-content\/uploads\/2024\/11\/logo.png\",\"contentUrl\":\"https:\/\/emasd2.com\/wp-content\/uploads\/2024\/11\/logo.png\",\"width\":1067,\"height\":439,\"caption\":\"EmasD2\"},\"image\":{\"@id\":\"https:\/\/emasd2.com\/#\/schema\/logo\/image\/\"}}]}<\/script>\n<!-- \/ Yoast SEO plugin. -->","yoast_head_json":{"title":"ESG y Sostenibilidad - EmasD2","robots":{"index":"index","follow":"follow","max-snippet":"max-snippet:-1","max-image-preview":"max-image-preview:large","max-video-preview":"max-video-preview:-1"},"canonical":"https:\/\/emasd2.com\/en\/servicios\/esg-y-sostenibilidad\/","og_locale":"en_GB","og_type":"article","og_title":"ESG y Sostenibilidad - EmasD2","og_description":"ESG y Sostenibilidad E+D cuenta con un \u00e1rea espec\u00edfica dedicada al an\u00e1lisis y asesoramiento en sostenibilidad, incluyendo la realizaci\u00f3n de informes ESG (Environmental, Social and Governance) que desarrollan las buenas pr\u00e1cticas en los factores ambientales, sociales y de buen gobierno corporativo.\u00a0 Tambi\u00e9n se eval\u00faa en el seguimiento de los proyectos que dichas medidas sean aplicadas [&hellip;]","og_url":"https:\/\/emasd2.com\/en\/servicios\/esg-y-sostenibilidad\/","og_site_name":"EmasD2","article_modified_time":"2024-12-20T11:04:03+00:00","twitter_card":"summary_large_image","twitter_misc":{"Estimated reading time":"1 minute"},"schema":{"@context":"https:\/\/schema.org","@graph":[{"@type":"WebPage","@id":"https:\/\/emasd2.com\/servicios\/esg-y-sostenibilidad\/","url":"https:\/\/emasd2.com\/servicios\/esg-y-sostenibilidad\/","name":"ESG y Sostenibilidad - EmasD2","isPartOf":{"@id":"https:\/\/emasd2.com\/#website"},"datePublished":"2024-11-18T10:52:33+00:00","dateModified":"2024-12-20T11:04:03+00:00","breadcrumb":{"@id":"https:\/\/emasd2.com\/servicios\/esg-y-sostenibilidad\/#breadcrumb"},"inLanguage":"en-GB","potentialAction":[{"@type":"ReadAction","target":["https:\/\/emasd2.com\/servicios\/esg-y-sostenibilidad\/"]}]},{"@type":"BreadcrumbList","@id":"https:\/\/emasd2.com\/servicios\/esg-y-sostenibilidad\/#breadcrumb","itemListElement":[{"@type":"ListItem","position":1,"name":"Portada","item":"https:\/\/emasd2.com\/"},{"@type":"ListItem","position":2,"name":"Servicios","item":"https:\/\/emasd2.com\/servicios\/"},{"@type":"ListItem","position":3,"name":"ESG y Sostenibilidad"}]},{"@type":"WebSite","@id":"https:\/\/emasd2.com\/#website","url":"https:\/\/emasd2.com\/","name":"EmasD2","description":"","publisher":{"@id":"https:\/\/emasd2.com\/#organization"},"potentialAction":[{"@type":"SearchAction","target":{"@type":"EntryPoint","urlTemplate":"https:\/\/emasd2.com\/?s={search_term_string}"},"query-input":{"@type":"PropertyValueSpecification","valueRequired":true,"valueName":"search_term_string"}}],"inLanguage":"en-GB"},{"@type":"Organization","@id":"https:\/\/emasd2.com\/#organization","name":"EmasD2","url":"https:\/\/emasd2.com\/","logo":{"@type":"ImageObject","inLanguage":"en-GB","@id":"https:\/\/emasd2.com\/#\/schema\/logo\/image\/","url":"https:\/\/emasd2.com\/wp-content\/uploads\/2024\/11\/logo.png","contentUrl":"https:\/\/emasd2.com\/wp-content\/uploads\/2024\/11\/logo.png","width":1067,"height":439,"caption":"EmasD2"},"image":{"@id":"https:\/\/emasd2.com\/#\/schema\/logo\/image\/"}}]}},"_links":{"self":[{"href":"https:\/\/emasd2.com\/en\/wp-json\/wp\/v2\/pages\/60","targetHints":{"allow":["GET"]}}],"collection":[{"href":"https:\/\/emasd2.com\/en\/wp-json\/wp\/v2\/pages"}],"about":[{"href":"https:\/\/emasd2.com\/en\/wp-json\/wp\/v2\/types\/page"}],"author":[{"embeddable":true,"href":"https:\/\/emasd2.com\/en\/wp-json\/wp\/v2\/users\/1"}],"replies":[{"embeddable":true,"href":"https:\/\/emasd2.com\/en\/wp-json\/wp\/v2\/comments?post=60"}],"version-history":[{"count":13,"href":"https:\/\/emasd2.com\/en\/wp-json\/wp\/v2\/pages\/60\/revisions"}],"predecessor-version":[{"id":635,"href":"https:\/\/emasd2.com\/en\/wp-json\/wp\/v2\/pages\/60\/revisions\/635"}],"up":[{"embeddable":true,"href":"https:\/\/emasd2.com\/en\/wp-json\/wp\/v2\/pages\/23"}],"wp:attachment":[{"href":"https:\/\/emasd2.com\/en\/wp-json\/wp\/v2\/media?parent=60"}],"curies":[{"name":"wp","href":"https:\/\/api.w.org\/{rel}","templated":true}]}}